{"id":953,"date":"2026-01-13T12:34:17","date_gmt":"2026-01-13T12:34:17","guid":{"rendered":"http:\/\/www.mugusahediyelik.com.tr\/?post_type=product&#038;p=953"},"modified":"2026-03-17T10:45:50","modified_gmt":"2026-03-17T10:45:50","slug":"el-yapimi-cini-seramik-kabartma-desenli-6li-turkuaz-yesil-cay-bardagi-seti","status":"publish","type":"product","link":"https:\/\/www.mugusahediyelik.com.tr\/?product=el-yapimi-cini-seramik-kabartma-desenli-6li-turkuaz-yesil-cay-bardagi-seti","title":{"rendered":"EL YAPIMI \u00c7\u0130N\u0130 SERAM\u0130K KABARTMA DESENL\u0130 6&#8217;LI TURKUAZ \/ YE\u015e\u0130L \u00c7AY BARDA\u011eI SET\u0130"},"content":{"rendered":"<p class=\"product-description-content\"><span dir=\"auto\" style=\"vertical-align: inherit;\"><span dir=\"auto\" style=\"vertical-align: inherit;\">T\u00fcrk sanat\u0131n\u0131n \u00f6zg\u00fcn devam\u0131 olan el eme\u011fi \u00e7ini seramik kabartma desenli 6&#8217;l\u0131 \u00e7ay barda\u011f\u0131 seti, geleneksel zarafet ile modern tasar\u0131m\u0131 bir araya getiriyor.<\/span><\/span><\/p>\n<p class=\"product-description-content\"><span dir=\"auto\" style=\"vertical-align: inherit;\"><span dir=\"auto\" style=\"vertical-align: inherit;\">Her bir barda\u011f\u0131n \u00fczerinde yer alan turkuaz ve ye\u015fil tonlardaki kabartma desenler, \u00e7ay rahatl\u0131\u011f\u0131ze estetik ve renkli bir dokunu\u015f katar.<\/span><\/span><\/p>\n<p class=\"product-description-content\"><span dir=\"auto\" style=\"vertical-align: inherit;\"><span dir=\"auto\" style=\"vertical-align: inherit;\">Yerli \u00fcretim olan bu \u00f6zel set, kad\u0131n giri\u015fimcilerin eme\u011fiyle haz\u0131rlanm\u0131\u015ft\u0131r.<\/span><\/span><\/p>\n<p class=\"product-description-content\"><span dir=\"auto\" style=\"vertical-align: inherit;\"><span dir=\"auto\" style=\"vertical-align: inherit;\">Evlerinize zarafet katmak ve sofralar\u0131n\u0131za sanatsal bir hava getirmek i\u00e7in ideal bir se\u00e7imdir.<\/span><\/span><\/p>\n<p class=\"product-description-content\"><span dir=\"auto\" style=\"vertical-align: inherit;\"><span dir=\"auto\" style=\"vertical-align: inherit;\">T\u00fcrk el sanatlar\u0131ndan ilham al\u0131narak tasarlanm\u0131\u015ft\u0131r.<\/span><\/span><\/p>\n<p class=\"product-description-content\"><span dir=\"auto\" style=\"vertical-align: inherit;\"><span dir=\"auto\" style=\"vertical-align: inherit;\">Bula\u015f\u0131k makinesinde y\u0131kanabilir.<\/span><\/span><\/p>\n<p class=\"product-description-content\"><span dir=\"auto\" style=\"vertical-align: inherit;\"><span dir=\"auto\" style=\"vertical-align: inherit;\">G\u0131da ile temas\u0131 tamamen g\u00fcvenlidir.<\/span><\/span><\/p>\n<p class=\"product-description-content\"><span dir=\"auto\" style=\"vertical-align: inherit;\"><span dir=\"auto\" style=\"vertical-align: inherit;\">Gururla T\u00fcrkiye&#8217;de \u00fcretildi.<\/span><\/span><\/p>\n","protected":false},"excerpt":{"rendered":"<p><span dir=\"auto\" style=\"vertical-align: inherit;\"><span dir=\"auto\" style=\"vertical-align: inherit;\">12 Par\u00e7a 6&#8217;l\u0131 \u00c7ay Barda\u011f\u0131 Seti<\/span><\/span><\/p>\n<p><span dir=\"auto\" style=\"vertical-align: inherit;\"><span dir=\"auto\" style=\"vertical-align: inherit;\">Seramikten \u00fcretilmi\u015ftir.<\/span><\/span><\/p>\n<p><span dir=\"auto\" style=\"vertical-align: inherit;\"><span dir=\"auto\" style=\"vertical-align: inherit;\">El yap\u0131m\u0131d\u0131r.<\/span><\/span><\/p>\n<p><span dir=\"auto\" style=\"vertical-align: inherit;\"><span dir=\"auto\" style=\"vertical-align: inherit;\">Bula\u015f\u0131k makinesinde y\u0131kanabilir.<\/span><\/span><\/p>\n<p><span dir=\"auto\" style=\"vertical-align: inherit;\"><span dir=\"auto\" style=\"vertical-align: inherit;\">G\u0131da ile tema uygundur.<\/span><\/span><\/p>\n","protected":false},"featured_media":962,"comment_status":"open","ping_status":"closed","template":"","meta":{"_kad_post_transparent":"default","_kad_post_title":"","_kad_post_layout":"default","_kad_post_sidebar_id":"","_kad_post_content_style":"default","_kad_post_vertical_padding":"default","_kad_post_feature":"","_kad_post_feature_position":"","_kad_post_header":false,"_kad_post_footer":false,"_kad_post_classname":""},"product_brand":[],"product_cat":[37],"product_tag":[],"class_list":{"0":"post-953","1":"product","2":"type-product","3":"status-publish","4":"has-post-thumbnail","6":"product_cat-cay-bardaklari","8":"first","9":"instock","10":"taxable","11":"shipping-taxable","12":"purchasable","13":"product-type-simple","14":"entry","15":"content-bg","16":"loop-entry"},"_links":{"self":[{"href":"https:\/\/www.mugusahediyelik.com.tr\/index.php?rest_route=\/wp\/v2\/product\/953","targetHints":{"allow":["GET"]}}],"collection":[{"href":"https:\/\/www.mugusahediyelik.com.tr\/index.php?rest_route=\/wp\/v2\/product"}],"about":[{"href":"https:\/\/www.mugusahediyelik.com.tr\/index.php?rest_route=\/wp\/v2\/types\/product"}],"replies":[{"embeddable":true,"href":"https:\/\/www.mugusahediyelik.com.tr\/index.php?rest_route=%2Fwp%2Fv2%2Fcomments&post=953"}],"wp:featuredmedia":[{"embeddable":true,"href":"https:\/\/www.mugusahediyelik.com.tr\/index.php?rest_route=\/wp\/v2\/media\/962"}],"wp:attachment":[{"href":"https:\/\/www.mugusahediyelik.com.tr\/index.php?rest_route=%2Fwp%2Fv2%2Fmedia&parent=953"}],"wp:term":[{"taxonomy":"product_brand","embeddable":true,"href":"https:\/\/www.mugusahediyelik.com.tr\/index.php?rest_route=%2Fwp%2Fv2%2Fproduct_brand&post=953"},{"taxonomy":"product_cat","embeddable":true,"href":"https:\/\/www.mugusahediyelik.com.tr\/index.php?rest_route=%2Fwp%2Fv2%2Fproduct_cat&post=953"},{"taxonomy":"product_tag","embeddable":true,"href":"https:\/\/www.mugusahediyelik.com.tr\/index.php?rest_route=%2Fwp%2Fv2%2Fproduct_tag&post=953"}],"curies":[{"name":"wp","href":"https:\/\/api.w.org\/{rel}","templated":true}]}}