{"id":939,"date":"2026-01-13T12:27:43","date_gmt":"2026-01-13T12:27:43","guid":{"rendered":"http:\/\/www.mugusahediyelik.com.tr\/?post_type=product&#038;p=939"},"modified":"2026-03-17T10:46:05","modified_gmt":"2026-03-17T10:46:05","slug":"el-yapimi-cini-seramik-kupa","status":"publish","type":"product","link":"https:\/\/www.mugusahediyelik.com.tr\/?product=el-yapimi-cini-seramik-kupa","title":{"rendered":"EL YAPIMI \u00c7\u0130N\u0130 SERAM\u0130K KUPA"},"content":{"rendered":"<p class=\"product-description-content\">Geleneksel T\u00fcrk motiflerinden ilham alan bu turkuaz seramik kupa, her detay\u0131nda ustal\u0131k ve estetik bar\u0131nd\u0131r\u0131yor.<\/p>\n<p class=\"product-description-content\">Kabartmal\u0131 \u00e7i\u00e7ek ve yaprak desenleriyle bezeli y\u00fczeyi, hem g\u00f6rsel hem dokunsal bir zenginlik sunar.<\/p>\n<p class=\"product-description-content\">El yap\u0131m\u0131 olmas\u0131 sayesinde her kupa kendine \u00f6zg\u00fc bir karakter ta\u015f\u0131r.<\/p>\n<p class=\"product-description-content\">Kad\u0131n giri\u015fimci deste\u011fiyle sat\u0131\u015fa sunulmaktad\u0131r.<\/p>\n<p class=\"product-description-content\">Hem kendiniz hem de sevdikleriniz i\u00e7in \u00f6zel bir hediye alternatifidir.<\/p>\n<p class=\"product-description-content\">G\u0131da ile temas\u0131 uygundur.<\/p>\n<p class=\"product-description-content\">Bula\u015f\u0131k makinesinde y\u0131kanabilir.<\/p>\n","protected":false},"excerpt":{"rendered":"<p>El Yap\u0131m\u0131 \u00c7ini Seramik Kupa<\/p>\n<p>Seramikten \u00fcretilmi\u015ftir.<\/p>\n<p>El yap\u0131m\u0131d\u0131r.<\/p>\n<p>Bula\u015f\u0131k makinesinde y\u0131kanabilir.<\/p>\n<p>G\u0131da ile temas\u0131 uygundur.<\/p>\n","protected":false},"featured_media":941,"comment_status":"open","ping_status":"closed","template":"","meta":{"_kad_post_transparent":"default","_kad_post_title":"","_kad_post_layout":"default","_kad_post_sidebar_id":"","_kad_post_content_style":"default","_kad_post_vertical_padding":"default","_kad_post_feature":"","_kad_post_feature_position":"","_kad_post_header":false,"_kad_post_footer":false,"_kad_post_classname":""},"product_brand":[],"product_cat":[37],"product_tag":[],"class_list":{"0":"post-939","1":"product","2":"type-product","3":"status-publish","4":"has-post-thumbnail","6":"product_cat-cay-bardaklari","8":"first","9":"instock","10":"taxable","11":"shipping-taxable","12":"purchasable","13":"product-type-simple","14":"entry","15":"content-bg","16":"loop-entry"},"_links":{"self":[{"href":"https:\/\/www.mugusahediyelik.com.tr\/index.php?rest_route=\/wp\/v2\/product\/939","targetHints":{"allow":["GET"]}}],"collection":[{"href":"https:\/\/www.mugusahediyelik.com.tr\/index.php?rest_route=\/wp\/v2\/product"}],"about":[{"href":"https:\/\/www.mugusahediyelik.com.tr\/index.php?rest_route=\/wp\/v2\/types\/product"}],"replies":[{"embeddable":true,"href":"https:\/\/www.mugusahediyelik.com.tr\/index.php?rest_route=%2Fwp%2Fv2%2Fcomments&post=939"}],"wp:featuredmedia":[{"embeddable":true,"href":"https:\/\/www.mugusahediyelik.com.tr\/index.php?rest_route=\/wp\/v2\/media\/941"}],"wp:attachment":[{"href":"https:\/\/www.mugusahediyelik.com.tr\/index.php?rest_route=%2Fwp%2Fv2%2Fmedia&parent=939"}],"wp:term":[{"taxonomy":"product_brand","embeddable":true,"href":"https:\/\/www.mugusahediyelik.com.tr\/index.php?rest_route=%2Fwp%2Fv2%2Fproduct_brand&post=939"},{"taxonomy":"product_cat","embeddable":true,"href":"https:\/\/www.mugusahediyelik.com.tr\/index.php?rest_route=%2Fwp%2Fv2%2Fproduct_cat&post=939"},{"taxonomy":"product_tag","embeddable":true,"href":"https:\/\/www.mugusahediyelik.com.tr\/index.php?rest_route=%2Fwp%2Fv2%2Fproduct_tag&post=939"}],"curies":[{"name":"wp","href":"https:\/\/api.w.org\/{rel}","templated":true}]}}