{"id":1236,"date":"2026-04-17T09:29:05","date_gmt":"2026-04-17T09:29:05","guid":{"rendered":"https:\/\/www.mugusahediyelik.com.tr\/?post_type=product&#038;p=1236"},"modified":"2026-04-17T09:29:06","modified_gmt":"2026-04-17T09:29:06","slug":"el-orgusu-amigurumi-turkiye-anahtarlik","status":"publish","type":"product","link":"https:\/\/www.mugusahediyelik.com.tr\/?product=el-orgusu-amigurumi-turkiye-anahtarlik","title":{"rendered":"EL \u00d6RG\u00dcS\u00dc &#8211; AM\u0130GURUM\u0130 T\u00dcRK\u0130YE ANAHTARLIK"},"content":{"rendered":"<p>T\u00fcrkiye bayra\u011f\u0131ndan ilham al\u0131narak amigurumi tekni\u011fiyle \u00f6zenle haz\u0131rlanm\u0131\u015f bu el yap\u0131m\u0131 \u00f6rg\u00fc top anahtarl\u0131k, sade ama anlaml\u0131 tasar\u0131m\u0131yla dikkat \u00e7eker. Beyaz zemin \u00fczerine k\u0131rm\u0131z\u0131 detaylarla i\u015flenen motifler, hem milli duygular\u0131 yans\u0131t\u0131r hem de g\u00fcnl\u00fck kullan\u0131mda \u015f\u0131kl\u0131k sunar. Her biri el eme\u011fiyle \u00fcretildi\u011fi i\u00e7in benzersizdir ve\u00a0<b>T\u00fcrkiye temal\u0131 \u00f6zel bir hediye alternatifi<\/b>\u00a0olarak da \u00f6ne \u00e7\u0131kar. Sevdiklerinize anlaml\u0131 bir s\u00fcrpriz yapmak veya kendi anahtarlar\u0131n\u0131za karakter katmak i\u00e7in ideal bir se\u00e7imdir. Bu \u00f6zel \u00fcr\u00fcn,\u00a0<b>kad\u0131n giri\u015fimci deste\u011fiyle \u00fcretilip sat\u0131\u015fa sunulmaktad\u0131r<\/b>\u00a0ve geleneksel el i\u015f\u00e7ili\u011fini modern detaylarla bulu\u015fturur.<\/p>\n","protected":false},"excerpt":{"rendered":"<p>T\u00fcrkiye bayra\u011f\u0131ndan ilham al\u0131narak amigurumi tekni\u011fiyle \u00f6zenle haz\u0131rlanm\u0131\u015f bu el yap\u0131m\u0131 \u00f6rg\u00fc top anahtarl\u0131k, sade ama anlaml\u0131 tasar\u0131m\u0131yla dikkat \u00e7eker. Beyaz zemin \u00fczerine k\u0131rm\u0131z\u0131 detaylarla i\u015flenen motifler, hem milli duygular\u0131 yans\u0131t\u0131r hem de g\u00fcnl\u00fck kullan\u0131mda \u015f\u0131kl\u0131k sunar. Her biri el eme\u011fiyle \u00fcretildi\u011fi i\u00e7in benzersizdir ve\u00a0<b>T\u00fcrkiye temal\u0131 \u00f6zel bir hediye alternatifi<\/b>\u00a0olarak da \u00f6ne \u00e7\u0131kar. Sevdiklerinize anlaml\u0131 bir s\u00fcrpriz yapmak veya kendi anahtarlar\u0131n\u0131za karakter katmak i\u00e7in ideal bir se\u00e7imdir. Bu \u00f6zel \u00fcr\u00fcn,\u00a0<b>kad\u0131n giri\u015fimci deste\u011fiyle \u00fcretilip sat\u0131\u015fa sunulmaktad\u0131r<\/b>\u00a0ve geleneksel el i\u015f\u00e7ili\u011fini modern detaylarla bulu\u015fturur.<\/p>\n","protected":false},"featured_media":1239,"comment_status":"open","ping_status":"closed","template":"","meta":{"_kad_post_transparent":"default","_kad_post_title":"","_kad_post_layout":"default","_kad_post_sidebar_id":"","_kad_post_content_style":"default","_kad_post_vertical_padding":"default","_kad_post_feature":"","_kad_post_feature_position":"","_kad_post_header":false,"_kad_post_footer":false,"_kad_post_classname":""},"product_brand":[],"product_cat":[35],"product_tag":[],"class_list":{"0":"post-1236","1":"product","2":"type-product","3":"status-publish","4":"has-post-thumbnail","6":"product_cat-anahtarlik","8":"first","9":"instock","10":"taxable","11":"shipping-taxable","12":"purchasable","13":"product-type-simple","14":"entry","15":"content-bg","16":"loop-entry"},"_links":{"self":[{"href":"https:\/\/www.mugusahediyelik.com.tr\/index.php?rest_route=\/wp\/v2\/product\/1236","targetHints":{"allow":["GET"]}}],"collection":[{"href":"https:\/\/www.mugusahediyelik.com.tr\/index.php?rest_route=\/wp\/v2\/product"}],"about":[{"href":"https:\/\/www.mugusahediyelik.com.tr\/index.php?rest_route=\/wp\/v2\/types\/product"}],"replies":[{"embeddable":true,"href":"https:\/\/www.mugusahediyelik.com.tr\/index.php?rest_route=%2Fwp%2Fv2%2Fcomments&post=1236"}],"wp:featuredmedia":[{"embeddable":true,"href":"https:\/\/www.mugusahediyelik.com.tr\/index.php?rest_route=\/wp\/v2\/media\/1239"}],"wp:attachment":[{"href":"https:\/\/www.mugusahediyelik.com.tr\/index.php?rest_route=%2Fwp%2Fv2%2Fmedia&parent=1236"}],"wp:term":[{"taxonomy":"product_brand","embeddable":true,"href":"https:\/\/www.mugusahediyelik.com.tr\/index.php?rest_route=%2Fwp%2Fv2%2Fproduct_brand&post=1236"},{"taxonomy":"product_cat","embeddable":true,"href":"https:\/\/www.mugusahediyelik.com.tr\/index.php?rest_route=%2Fwp%2Fv2%2Fproduct_cat&post=1236"},{"taxonomy":"product_tag","embeddable":true,"href":"https:\/\/www.mugusahediyelik.com.tr\/index.php?rest_route=%2Fwp%2Fv2%2Fproduct_tag&post=1236"}],"curies":[{"name":"wp","href":"https:\/\/api.w.org\/{rel}","templated":true}]}}