{"id":1231,"date":"2026-04-17T09:27:30","date_gmt":"2026-04-17T09:27:30","guid":{"rendered":"https:\/\/www.mugusahediyelik.com.tr\/?post_type=product&#038;p=1231"},"modified":"2026-04-17T09:27:31","modified_gmt":"2026-04-17T09:27:31","slug":"el-orgusu-amigurumi-besiktas-anahtarlik","status":"publish","type":"product","link":"https:\/\/www.mugusahediyelik.com.tr\/?product=el-orgusu-amigurumi-besiktas-anahtarlik","title":{"rendered":"EL \u00d6RG\u00dcS\u00dc &#8211; AM\u0130GURUM\u0130 BE\u015e\u0130KTA\u015e ANAHTARLIK"},"content":{"rendered":"<p>Be\u015fikta\u015f renkleriyle amigurumi tekni\u011fi kullan\u0131larak \u00f6zenle haz\u0131rlanm\u0131\u015f bu el yap\u0131m\u0131 \u00f6rg\u00fc top anahtarl\u0131k, siyah-beyaz tasar\u0131m\u0131yla sadeli\u011fin ve taraftarl\u0131k ruhunun birle\u015fimini sunar. Modern kap\u0131 kilidine tak\u0131l\u0131 \u015fekilde sergilenen bu \u00fcr\u00fcn, g\u00fcnl\u00fck kullan\u0131mda hem \u015f\u0131kl\u0131k hem de karakter kazand\u0131r\u0131r. Her biri el eme\u011fiyle \u00fcretildi\u011fi i\u00e7in benzersizdir ve\u00a0<b>Be\u015fikta\u015f tutkusunu ta\u015f\u0131yan \u00f6zel bir hediye alternatifi<\/b>\u00a0olarak \u00f6ne \u00e7\u0131kar. Sevdiklerinize anlaml\u0131 bir s\u00fcrpriz yapmak veya kendi anahtarlar\u0131n\u0131za \u00f6zg\u00fcn bir dokunu\u015f katmak i\u00e7in ideal bir se\u00e7imdir. Bu \u00f6zel \u00fcr\u00fcn,\u00a0<b>kad\u0131n giri\u015fimci deste\u011fiyle \u00fcretilip sat\u0131\u015fa sunulmaktad\u0131r<\/b>\u00a0ve geleneksel el i\u015f\u00e7ili\u011fini modern detaylarla bulu\u015fturur.<\/p>\n","protected":false},"excerpt":{"rendered":"<p>Be\u015fikta\u015f renkleriyle amigurumi tekni\u011fi kullan\u0131larak \u00f6zenle haz\u0131rlanm\u0131\u015f bu el yap\u0131m\u0131 \u00f6rg\u00fc top anahtarl\u0131k, siyah-beyaz tasar\u0131m\u0131yla sadeli\u011fin ve taraftarl\u0131k ruhunun birle\u015fimini sunar. Modern kap\u0131 kilidine tak\u0131l\u0131 \u015fekilde sergilenen bu \u00fcr\u00fcn, g\u00fcnl\u00fck kullan\u0131mda hem \u015f\u0131kl\u0131k hem de karakter kazand\u0131r\u0131r. Her biri el eme\u011fiyle \u00fcretildi\u011fi i\u00e7in benzersizdir ve\u00a0<b>Be\u015fikta\u015f tutkusunu ta\u015f\u0131yan \u00f6zel bir hediye alternatifi<\/b>\u00a0olarak \u00f6ne \u00e7\u0131kar. Sevdiklerinize anlaml\u0131 bir s\u00fcrpriz yapmak veya kendi anahtarlar\u0131n\u0131za \u00f6zg\u00fcn bir dokunu\u015f katmak i\u00e7in ideal bir se\u00e7imdir. Bu \u00f6zel \u00fcr\u00fcn,\u00a0<b>kad\u0131n giri\u015fimci deste\u011fiyle \u00fcretilip sat\u0131\u015fa sunulmaktad\u0131r<\/b>\u00a0ve geleneksel el i\u015f\u00e7ili\u011fini modern detaylarla bulu\u015fturur.<\/p>\n","protected":false},"featured_media":1232,"comment_status":"open","ping_status":"closed","template":"","meta":{"_kad_post_transparent":"default","_kad_post_title":"","_kad_post_layout":"default","_kad_post_sidebar_id":"","_kad_post_content_style":"default","_kad_post_vertical_padding":"default","_kad_post_feature":"","_kad_post_feature_position":"","_kad_post_header":false,"_kad_post_footer":false,"_kad_post_classname":""},"product_brand":[],"product_cat":[35],"product_tag":[],"class_list":{"0":"post-1231","1":"product","2":"type-product","3":"status-publish","4":"has-post-thumbnail","6":"product_cat-anahtarlik","8":"first","9":"instock","10":"taxable","11":"shipping-taxable","12":"purchasable","13":"product-type-simple","14":"entry","15":"content-bg","16":"loop-entry"},"_links":{"self":[{"href":"https:\/\/www.mugusahediyelik.com.tr\/index.php?rest_route=\/wp\/v2\/product\/1231","targetHints":{"allow":["GET"]}}],"collection":[{"href":"https:\/\/www.mugusahediyelik.com.tr\/index.php?rest_route=\/wp\/v2\/product"}],"about":[{"href":"https:\/\/www.mugusahediyelik.com.tr\/index.php?rest_route=\/wp\/v2\/types\/product"}],"replies":[{"embeddable":true,"href":"https:\/\/www.mugusahediyelik.com.tr\/index.php?rest_route=%2Fwp%2Fv2%2Fcomments&post=1231"}],"wp:featuredmedia":[{"embeddable":true,"href":"https:\/\/www.mugusahediyelik.com.tr\/index.php?rest_route=\/wp\/v2\/media\/1232"}],"wp:attachment":[{"href":"https:\/\/www.mugusahediyelik.com.tr\/index.php?rest_route=%2Fwp%2Fv2%2Fmedia&parent=1231"}],"wp:term":[{"taxonomy":"product_brand","embeddable":true,"href":"https:\/\/www.mugusahediyelik.com.tr\/index.php?rest_route=%2Fwp%2Fv2%2Fproduct_brand&post=1231"},{"taxonomy":"product_cat","embeddable":true,"href":"https:\/\/www.mugusahediyelik.com.tr\/index.php?rest_route=%2Fwp%2Fv2%2Fproduct_cat&post=1231"},{"taxonomy":"product_tag","embeddable":true,"href":"https:\/\/www.mugusahediyelik.com.tr\/index.php?rest_route=%2Fwp%2Fv2%2Fproduct_tag&post=1231"}],"curies":[{"name":"wp","href":"https:\/\/api.w.org\/{rel}","templated":true}]}}