{"id":1212,"date":"2026-04-17T09:14:25","date_gmt":"2026-04-17T09:14:25","guid":{"rendered":"https:\/\/www.mugusahediyelik.com.tr\/?post_type=product&#038;p=1212"},"modified":"2026-04-17T09:14:26","modified_gmt":"2026-04-17T09:14:26","slug":"el-orgusu-amigurumi-papatya-anahtarlik-kitap-ayraci-canta-susu","status":"publish","type":"product","link":"https:\/\/www.mugusahediyelik.com.tr\/?product=el-orgusu-amigurumi-papatya-anahtarlik-kitap-ayraci-canta-susu","title":{"rendered":"EL \u00d6RG\u00dcS\u00dc &#8211; AM\u0130GURUM\u0130 PAPATYA ANAHTARLIK &#038; K\u0130TAP AYRACI &#038; \u00c7ANTA S\u00dcS\u00dc"},"content":{"rendered":"<p>El eme\u011fi\u00a0<b>amigurumi \u00f6rg\u00fc \u00e7i\u00e7ek tasar\u0131mlar\u0131<\/b>\u00a0kad\u0131n giri\u015fimci deste\u011fiyle \u00fcretilmi\u015ftir.<\/p>\n<div>\u00dcr\u00fcnlerden biri\u00a0<b>anahtarl\u0131k<\/b>, di\u011feri ise\u00a0<b>kitap ayrac\u0131<\/b>\u00a0olarak tasarlanm\u0131\u015ft\u0131r; ayn\u0131 zamanda\u00a0<b>\u00e7anta s\u00fcs\u00fc<\/b>\u00a0veya dekoratif aksesuar olarak da kullan\u0131labilir.<\/div>\n<ul>\n<li>%100 el yap\u0131m\u0131, \u00f6zg\u00fcn tasar\u0131m<\/li>\n<li>Dayan\u0131kl\u0131 \u00f6rg\u00fc ipli\u011fi ile haz\u0131rlanm\u0131\u015ft\u0131r<\/li>\n<li>\u00c7ok ama\u00e7l\u0131 kullan\u0131m: anahtarl\u0131k, kitap ayrac\u0131, \u00e7anta s\u00fcs\u00fc<\/li>\n<li>Hediyelik olarak sevdiklerinize \u015f\u0131k ve anlaml\u0131 bir se\u00e7enek<\/li>\n<li>Kad\u0131n giri\u015fimci \u00fcretimi, el eme\u011fini destekleyen \u00f6zel koleksiyon<\/li>\n<\/ul>\n","protected":false},"excerpt":{"rendered":"<p>El eme\u011fi\u00a0<b>amigurumi \u00f6rg\u00fc \u00e7i\u00e7ek tasar\u0131mlar\u0131<\/b>\u00a0kad\u0131n giri\u015fimci deste\u011fiyle \u00fcretilmi\u015ftir.<\/p>\n<div>\u00dcr\u00fcnlerden biri\u00a0<b>anahtarl\u0131k<\/b>, di\u011feri ise\u00a0<b>kitap ayrac\u0131<\/b>\u00a0olarak tasarlanm\u0131\u015ft\u0131r; ayn\u0131 zamanda\u00a0<b>\u00e7anta s\u00fcs\u00fc<\/b>\u00a0veya dekoratif aksesuar olarak da kullan\u0131labilir.<\/div>\n<ul>\n<li>%100 el yap\u0131m\u0131, \u00f6zg\u00fcn tasar\u0131m<\/li>\n<li>Dayan\u0131kl\u0131 \u00f6rg\u00fc ipli\u011fi ile haz\u0131rlanm\u0131\u015ft\u0131r<\/li>\n<li>\u00c7ok ama\u00e7l\u0131 kullan\u0131m: anahtarl\u0131k, kitap ayrac\u0131, \u00e7anta s\u00fcs\u00fc<\/li>\n<li>Hediyelik olarak sevdiklerinize \u015f\u0131k ve anlaml\u0131 bir se\u00e7enek<\/li>\n<li>Kad\u0131n giri\u015fimci \u00fcretimi, el eme\u011fini destekleyen \u00f6zel koleksiyon<\/li>\n<\/ul>\n","protected":false},"featured_media":1216,"comment_status":"open","ping_status":"closed","template":"","meta":{"_kad_post_transparent":"default","_kad_post_title":"","_kad_post_layout":"default","_kad_post_sidebar_id":"","_kad_post_content_style":"default","_kad_post_vertical_padding":"default","_kad_post_feature":"","_kad_post_feature_position":"","_kad_post_header":false,"_kad_post_footer":false,"_kad_post_classname":""},"product_brand":[],"product_cat":[35],"product_tag":[],"class_list":{"0":"post-1212","1":"product","2":"type-product","3":"status-publish","4":"has-post-thumbnail","6":"product_cat-anahtarlik","8":"first","9":"instock","10":"taxable","11":"shipping-taxable","12":"purchasable","13":"product-type-simple","14":"entry","15":"content-bg","16":"loop-entry"},"_links":{"self":[{"href":"https:\/\/www.mugusahediyelik.com.tr\/index.php?rest_route=\/wp\/v2\/product\/1212","targetHints":{"allow":["GET"]}}],"collection":[{"href":"https:\/\/www.mugusahediyelik.com.tr\/index.php?rest_route=\/wp\/v2\/product"}],"about":[{"href":"https:\/\/www.mugusahediyelik.com.tr\/index.php?rest_route=\/wp\/v2\/types\/product"}],"replies":[{"embeddable":true,"href":"https:\/\/www.mugusahediyelik.com.tr\/index.php?rest_route=%2Fwp%2Fv2%2Fcomments&post=1212"}],"wp:featuredmedia":[{"embeddable":true,"href":"https:\/\/www.mugusahediyelik.com.tr\/index.php?rest_route=\/wp\/v2\/media\/1216"}],"wp:attachment":[{"href":"https:\/\/www.mugusahediyelik.com.tr\/index.php?rest_route=%2Fwp%2Fv2%2Fmedia&parent=1212"}],"wp:term":[{"taxonomy":"product_brand","embeddable":true,"href":"https:\/\/www.mugusahediyelik.com.tr\/index.php?rest_route=%2Fwp%2Fv2%2Fproduct_brand&post=1212"},{"taxonomy":"product_cat","embeddable":true,"href":"https:\/\/www.mugusahediyelik.com.tr\/index.php?rest_route=%2Fwp%2Fv2%2Fproduct_cat&post=1212"},{"taxonomy":"product_tag","embeddable":true,"href":"https:\/\/www.mugusahediyelik.com.tr\/index.php?rest_route=%2Fwp%2Fv2%2Fproduct_tag&post=1212"}],"curies":[{"name":"wp","href":"https:\/\/api.w.org\/{rel}","templated":true}]}}