{"id":1141,"date":"2026-04-17T08:43:54","date_gmt":"2026-04-17T08:43:54","guid":{"rendered":"https:\/\/www.mugusahediyelik.com.tr\/?post_type=product&#038;p=1141"},"modified":"2026-04-17T08:43:55","modified_gmt":"2026-04-17T08:43:55","slug":"el-yapimi-cini-seramik-turk-kahvesi-fincani-takimi-mavi","status":"publish","type":"product","link":"https:\/\/www.mugusahediyelik.com.tr\/?product=el-yapimi-cini-seramik-turk-kahvesi-fincani-takimi-mavi","title":{"rendered":"EL YAPIMI \u00c7\u0130N\u0130 SERAM\u0130K T\u00dcRK KAHVES\u0130 F\u0130NCANI TAKIMI &#8211; MAV\u0130"},"content":{"rendered":"<p>El yap\u0131m\u0131 kabartma \u00e7i\u00e7ek desenleriyle \u00f6ne \u00e7\u0131kan bu T\u00fcrk kahvesi fincan\u0131, geleneksel kahve keyfinizi zarif ve estetik bir sunuma d\u00f6n\u00fc\u015ft\u00fcr\u00fcr.<br \/>\n\u00d6zenle i\u015flenen \u00e7i\u00e7ek motifleri ve \u00e7ini detaylar\u0131 sayesinde dikkat \u00e7ekici bir g\u00f6r\u00fcn\u00fcm sunar.<br \/>\nT\u00fcrk kahvesi sunumlar\u0131 i\u00e7in ideal olup, k\u00f6p\u00fckl\u00fc kahve, lokum ve \u00e7ikolata ile birlikte \u015f\u0131k bir tamamlay\u0131c\u0131d\u0131r.<br \/>\nG\u00fcnl\u00fck kullan\u0131m\u0131n yan\u0131 s\u0131ra misafir sunumlar\u0131 ve hediye se\u00e7enekleri i\u00e7in de tercih edilebilecek \u00f6zel bir \u00fcr\u00fcnd\u00fcr.<br \/>\nKad\u0131n giri\u015fimci deste\u011fiyle sat\u0131\u015fa sunulmaktad\u0131r.<\/p>\n","protected":false},"excerpt":{"rendered":"<p>El yap\u0131m\u0131 kabartma \u00e7i\u00e7ek desenleriyle \u00f6ne \u00e7\u0131kan bu T\u00fcrk kahvesi fincan\u0131, geleneksel kahve keyfinizi zarif ve estetik bir sunuma d\u00f6n\u00fc\u015ft\u00fcr\u00fcr.<br \/>\n\u00d6zenle i\u015flenen \u00e7i\u00e7ek motifleri ve \u00e7ini detaylar\u0131 sayesinde dikkat \u00e7ekici bir g\u00f6r\u00fcn\u00fcm sunar.<br \/>\nT\u00fcrk kahvesi sunumlar\u0131 i\u00e7in ideal olup, k\u00f6p\u00fckl\u00fc kahve, lokum ve \u00e7ikolata ile birlikte \u015f\u0131k bir tamamlay\u0131c\u0131d\u0131r.<br \/>\nG\u00fcnl\u00fck kullan\u0131m\u0131n yan\u0131 s\u0131ra misafir sunumlar\u0131 ve hediye se\u00e7enekleri i\u00e7in de tercih edilebilecek \u00f6zel bir \u00fcr\u00fcnd\u00fcr.<br \/>\nKad\u0131n giri\u015fimci deste\u011fiyle sat\u0131\u015fa sunulmaktad\u0131r.<\/p>\n","protected":false},"featured_media":1145,"comment_status":"open","ping_status":"closed","template":"","meta":{"_kad_post_transparent":"default","_kad_post_title":"","_kad_post_layout":"default","_kad_post_sidebar_id":"","_kad_post_content_style":"default","_kad_post_vertical_padding":"default","_kad_post_feature":"","_kad_post_feature_position":"","_kad_post_header":false,"_kad_post_footer":false,"_kad_post_classname":""},"product_brand":[],"product_cat":[32],"product_tag":[],"class_list":{"0":"post-1141","1":"product","2":"type-product","3":"status-publish","4":"has-post-thumbnail","6":"product_cat-kahve-fincanlari","8":"first","9":"outofstock","10":"taxable","11":"shipping-taxable","12":"purchasable","13":"product-type-simple","14":"entry","15":"content-bg","16":"loop-entry"},"_links":{"self":[{"href":"https:\/\/www.mugusahediyelik.com.tr\/index.php?rest_route=\/wp\/v2\/product\/1141","targetHints":{"allow":["GET"]}}],"collection":[{"href":"https:\/\/www.mugusahediyelik.com.tr\/index.php?rest_route=\/wp\/v2\/product"}],"about":[{"href":"https:\/\/www.mugusahediyelik.com.tr\/index.php?rest_route=\/wp\/v2\/types\/product"}],"replies":[{"embeddable":true,"href":"https:\/\/www.mugusahediyelik.com.tr\/index.php?rest_route=%2Fwp%2Fv2%2Fcomments&post=1141"}],"wp:featuredmedia":[{"embeddable":true,"href":"https:\/\/www.mugusahediyelik.com.tr\/index.php?rest_route=\/wp\/v2\/media\/1145"}],"wp:attachment":[{"href":"https:\/\/www.mugusahediyelik.com.tr\/index.php?rest_route=%2Fwp%2Fv2%2Fmedia&parent=1141"}],"wp:term":[{"taxonomy":"product_brand","embeddable":true,"href":"https:\/\/www.mugusahediyelik.com.tr\/index.php?rest_route=%2Fwp%2Fv2%2Fproduct_brand&post=1141"},{"taxonomy":"product_cat","embeddable":true,"href":"https:\/\/www.mugusahediyelik.com.tr\/index.php?rest_route=%2Fwp%2Fv2%2Fproduct_cat&post=1141"},{"taxonomy":"product_tag","embeddable":true,"href":"https:\/\/www.mugusahediyelik.com.tr\/index.php?rest_route=%2Fwp%2Fv2%2Fproduct_tag&post=1141"}],"curies":[{"name":"wp","href":"https:\/\/api.w.org\/{rel}","templated":true}]}}