{"id":1027,"date":"2026-01-13T14:24:51","date_gmt":"2026-01-13T14:24:51","guid":{"rendered":"http:\/\/www.mugusahediyelik.com.tr\/?post_type=product&#038;p=1027"},"modified":"2026-03-17T10:44:05","modified_gmt":"2026-03-17T10:44:05","slug":"el-yapimi-cini-seramik-anahtarlik-11","status":"publish","type":"product","link":"https:\/\/www.mugusahediyelik.com.tr\/?product=el-yapimi-cini-seramik-anahtarlik-11","title":{"rendered":"EL YAPIMI \u00c7\u0130N\u0130 SERAM\u0130K ANAHTARLIK"},"content":{"rendered":"<p>El yap\u0131m\u0131 seramik detaylar\u0131 ve geleneksel T\u00fcrk motifleriyle tasarlanm\u0131\u015f MUGUSA dekoratif s\u00fcsler, ya\u015fam alanlar\u0131n\u0131za zarif bir dokunu\u015f kat\u0131yor.<\/p>\n<p>Her bir par\u00e7a \u00f6zenle se\u00e7ilmi\u015f boncuklar, metal halkalar ve k\u00fclt\u00fcrel desenlerle tamamlanm\u0131\u015ft\u0131r.<\/p>\n<p>Duvar s\u00fcs\u00fc, anahtarl\u0131k veya dekoratif aksesuar olarak kullan\u0131labilir.<\/p>\n<p>El yap\u0131m\u0131 ve \u00f6zg\u00fcn tasar\u0131m Seramik k\u00fcre \u00fczerinde geleneksel motifler, metal halkalar ve boncuk detaylar\u0131 ile hediye alternatifi olarak ideal bir se\u00e7imdir.<\/p>\n","protected":false},"excerpt":{"rendered":"<p>Duvar s\u00fcs\u00fc, anahtarl\u0131k veya dekoratif aksesuar olarak kullan\u0131labilir.<\/p>\n<p>El yap\u0131m\u0131 ve \u00f6zg\u00fcn tasar\u0131m Seramik k\u00fcre \u00fczerinde geleneksel motifler, metal halkalar ve boncuk detaylar\u0131 ile hediye alternatifi olarak ideal bir se\u00e7imdir.<\/p>\n","protected":false},"featured_media":1028,"comment_status":"open","ping_status":"closed","template":"","meta":{"_kad_post_transparent":"default","_kad_post_title":"","_kad_post_layout":"default","_kad_post_sidebar_id":"","_kad_post_content_style":"default","_kad_post_vertical_padding":"default","_kad_post_feature":"","_kad_post_feature_position":"","_kad_post_header":false,"_kad_post_footer":false,"_kad_post_classname":""},"product_brand":[],"product_cat":[35],"product_tag":[],"class_list":{"0":"post-1027","1":"product","2":"type-product","3":"status-publish","4":"has-post-thumbnail","6":"product_cat-anahtarlik","8":"first","9":"instock","10":"taxable","11":"shipping-taxable","12":"purchasable","13":"product-type-simple","14":"entry","15":"content-bg","16":"loop-entry"},"_links":{"self":[{"href":"https:\/\/www.mugusahediyelik.com.tr\/index.php?rest_route=\/wp\/v2\/product\/1027","targetHints":{"allow":["GET"]}}],"collection":[{"href":"https:\/\/www.mugusahediyelik.com.tr\/index.php?rest_route=\/wp\/v2\/product"}],"about":[{"href":"https:\/\/www.mugusahediyelik.com.tr\/index.php?rest_route=\/wp\/v2\/types\/product"}],"replies":[{"embeddable":true,"href":"https:\/\/www.mugusahediyelik.com.tr\/index.php?rest_route=%2Fwp%2Fv2%2Fcomments&post=1027"}],"wp:featuredmedia":[{"embeddable":true,"href":"https:\/\/www.mugusahediyelik.com.tr\/index.php?rest_route=\/wp\/v2\/media\/1028"}],"wp:attachment":[{"href":"https:\/\/www.mugusahediyelik.com.tr\/index.php?rest_route=%2Fwp%2Fv2%2Fmedia&parent=1027"}],"wp:term":[{"taxonomy":"product_brand","embeddable":true,"href":"https:\/\/www.mugusahediyelik.com.tr\/index.php?rest_route=%2Fwp%2Fv2%2Fproduct_brand&post=1027"},{"taxonomy":"product_cat","embeddable":true,"href":"https:\/\/www.mugusahediyelik.com.tr\/index.php?rest_route=%2Fwp%2Fv2%2Fproduct_cat&post=1027"},{"taxonomy":"product_tag","embeddable":true,"href":"https:\/\/www.mugusahediyelik.com.tr\/index.php?rest_route=%2Fwp%2Fv2%2Fproduct_tag&post=1027"}],"curies":[{"name":"wp","href":"https:\/\/api.w.org\/{rel}","templated":true}]}}