{"id":192,"date":"2025-12-01T20:04:30","date_gmt":"2025-12-01T20:04:30","guid":{"rendered":"http:\/\/www.mugusahediyelik.com.tr\/?page_id=192"},"modified":"2025-12-01T20:04:32","modified_gmt":"2025-12-01T20:04:32","slug":"vizyon","status":"publish","type":"page","link":"https:\/\/www.mugusahediyelik.com.tr\/?page_id=192","title":{"rendered":"Vizyon"},"content":{"rendered":"\n<p><strong>Mugusa Hediyelik<\/strong> olarak vizyonumuz;<\/p>\n\n\n\n<ul class=\"wp-block-list\">\n<li>El eme\u011fi \u00fcr\u00fcnlerimizi yaln\u0131zca T\u00fcrkiye\u2019de de\u011fil, <strong>uluslararas\u0131 pazarlarda<\/strong> da tan\u0131nan bir marka haline getirmek,<\/li>\n\n\n\n<li>K\u00fclt\u00fcrel k\u00f6kleri modern tasar\u0131mlarla harmanlayan, kad\u0131n giri\u015fimcili\u011fini \u00f6n plana \u00e7\u0131karan bir <strong>ilham kayna\u011f\u0131<\/strong> olmak,<\/li>\n\n\n\n<li>S\u00fcrd\u00fcr\u00fclebilir \u00fcretim anlay\u0131\u015f\u0131yla \u00e7evreye duyarl\u0131 ve uzun \u00f6m\u00fcrl\u00fc \u00fcr\u00fcnler sunarak <strong>gelecek nesillere de\u011fer b\u0131rakmak<\/strong>,<\/li>\n\n\n\n<li>Dijital d\u00fcnyada g\u00fc\u00e7l\u00fc bir marka kimli\u011fiyle e-ticaret alan\u0131nda <strong>\u00f6rnek g\u00f6sterilen bir lider<\/strong> konuma y\u00fckselmektir.<\/li>\n<\/ul>\n\n\n\n<p><\/p>\n","protected":false},"excerpt":{"rendered":"<p>Mugusa Hediyelik olarak vizyonumuz;<\/p>\n","protected":false},"author":1,"featured_media":0,"parent":0,"menu_order":0,"comment_status":"closed","ping_status":"closed","template":"","meta":{"_kad_post_transparent":"","_kad_post_title":"","_kad_post_layout":"","_kad_post_sidebar_id":"","_kad_post_content_style":"","_kad_post_vertical_padding":"","_kad_post_feature":"","_kad_post_feature_position":"","_kad_post_header":false,"_kad_post_footer":false,"_kad_post_classname":"","footnotes":""},"class_list":["post-192","page","type-page","status-publish","hentry"],"_links":{"self":[{"href":"https:\/\/www.mugusahediyelik.com.tr\/index.php?rest_route=\/wp\/v2\/pages\/192","targetHints":{"allow":["GET"]}}],"collection":[{"href":"https:\/\/www.mugusahediyelik.com.tr\/index.php?rest_route=\/wp\/v2\/pages"}],"about":[{"href":"https:\/\/www.mugusahediyelik.com.tr\/index.php?rest_route=\/wp\/v2\/types\/page"}],"author":[{"embeddable":true,"href":"https:\/\/www.mugusahediyelik.com.tr\/index.php?rest_route=\/wp\/v2\/users\/1"}],"replies":[{"embeddable":true,"href":"https:\/\/www.mugusahediyelik.com.tr\/index.php?rest_route=%2Fwp%2Fv2%2Fcomments&post=192"}],"version-history":[{"count":1,"href":"https:\/\/www.mugusahediyelik.com.tr\/index.php?rest_route=\/wp\/v2\/pages\/192\/revisions"}],"predecessor-version":[{"id":193,"href":"https:\/\/www.mugusahediyelik.com.tr\/index.php?rest_route=\/wp\/v2\/pages\/192\/revisions\/193"}],"wp:attachment":[{"href":"https:\/\/www.mugusahediyelik.com.tr\/index.php?rest_route=%2Fwp%2Fv2%2Fmedia&parent=192"}],"curies":[{"name":"wp","href":"https:\/\/api.w.org\/{rel}","templated":true}]}}