{"id":187,"date":"2025-12-01T19:57:59","date_gmt":"2025-12-01T19:57:59","guid":{"rendered":"http:\/\/www.mugusahediyelik.com.tr\/?page_id=187"},"modified":"2025-12-01T19:58:55","modified_gmt":"2025-12-01T19:58:55","slug":"misyon","status":"publish","type":"page","link":"https:\/\/www.mugusahediyelik.com.tr\/?page_id=187","title":{"rendered":"Misyon"},"content":{"rendered":"\n<p>Mugusa Hediyelik olarak misyonumuz;<\/p>\n\n\n\n<ul class=\"wp-block-list\">\n<li>T\u00fcrk k\u00fclt\u00fcr\u00fcn\u00fcn zarif ve anlaml\u0131 motiflerini modern tasar\u0131mlarla bulu\u015fturmak,<\/li>\n\n\n\n<li>El eme\u011fiyle \u00fcretilen seramikler, duvar dekorlar\u0131 ve hediyeliklerle m\u00fc\u015fterilerimize <strong>s\u0131cak, samimi ve g\u00fcvenilir<\/strong> bir al\u0131\u015fveri\u015f deneyimi sunmak,<\/li>\n\n\n\n<li>Kad\u0131n giri\u015fimcili\u011fini ve \u00f6zg\u00fcn hik\u00e2yeleri destekleyerek, her \u00fcr\u00fcn\u00fcn arkas\u0131nda bir <strong>kimlik ve de\u011fer<\/strong> oldu\u011funu hissettirmek,<\/li>\n\n\n\n<li>M\u00fc\u015fteri memnuniyetini, \u015feffafl\u0131\u011f\u0131 ve g\u00fcveni \u00f6n planda tutarak uzun vadeli ba\u011flar kurmak,<\/li>\n\n\n\n<li>S\u00fcrd\u00fcr\u00fclebilir ve estetik \u00e7\u00f6z\u00fcmlerle evlere ve ya\u015fam alanlar\u0131na <strong>zarafet ve anlam<\/strong> katmakt\u0131r.<\/li>\n<\/ul>\n","protected":false},"excerpt":{"rendered":"<p>Mugusa Hediyelik olarak misyonumuz;<\/p>\n","protected":false},"author":1,"featured_media":0,"parent":0,"menu_order":0,"comment_status":"closed","ping_status":"closed","template":"","meta":{"_kad_post_transparent":"","_kad_post_title":"","_kad_post_layout":"","_kad_post_sidebar_id":"","_kad_post_content_style":"","_kad_post_vertical_padding":"","_kad_post_feature":"","_kad_post_feature_position":"","_kad_post_header":false,"_kad_post_footer":false,"_kad_post_classname":"","footnotes":""},"class_list":["post-187","page","type-page","status-publish","hentry"],"_links":{"self":[{"href":"https:\/\/www.mugusahediyelik.com.tr\/index.php?rest_route=\/wp\/v2\/pages\/187","targetHints":{"allow":["GET"]}}],"collection":[{"href":"https:\/\/www.mugusahediyelik.com.tr\/index.php?rest_route=\/wp\/v2\/pages"}],"about":[{"href":"https:\/\/www.mugusahediyelik.com.tr\/index.php?rest_route=\/wp\/v2\/types\/page"}],"author":[{"embeddable":true,"href":"https:\/\/www.mugusahediyelik.com.tr\/index.php?rest_route=\/wp\/v2\/users\/1"}],"replies":[{"embeddable":true,"href":"https:\/\/www.mugusahediyelik.com.tr\/index.php?rest_route=%2Fwp%2Fv2%2Fcomments&post=187"}],"version-history":[{"count":2,"href":"https:\/\/www.mugusahediyelik.com.tr\/index.php?rest_route=\/wp\/v2\/pages\/187\/revisions"}],"predecessor-version":[{"id":189,"href":"https:\/\/www.mugusahediyelik.com.tr\/index.php?rest_route=\/wp\/v2\/pages\/187\/revisions\/189"}],"wp:attachment":[{"href":"https:\/\/www.mugusahediyelik.com.tr\/index.php?rest_route=%2Fwp%2Fv2%2Fmedia&parent=187"}],"curies":[{"name":"wp","href":"https:\/\/api.w.org\/{rel}","templated":true}]}}